{"id":1280,"date":"2025-12-30T20:31:28","date_gmt":"2025-12-30T19:31:28","guid":{"rendered":"https:\/\/intention-positive.fr\/?page_id=1280"},"modified":"2025-12-30T21:42:07","modified_gmt":"2025-12-30T20:42:07","slug":"accueil-2","status":"publish","type":"page","link":"https:\/\/intention-positive.fr\/index.php\/accueil-2\/","title":{"rendered":"Ateliers"},"content":{"rendered":"\t\t<div data-elementor-type=\"wp-page\" data-elementor-id=\"1280\" class=\"elementor elementor-1280\">\n\t\t\t\t<div class=\"elementor-element elementor-element-aa6b29c e-flex e-con-boxed e-con e-parent\" data-id=\"aa6b29c\" data-element_type=\"container\" data-e-type=\"container\">\n\t\t\t\t\t<div class=\"e-con-inner\">\n\t\t\t\t<div class=\"elementor-element elementor-element-52de336 elementor-widget elementor-widget-spacer\" data-id=\"52de336\" data-element_type=\"widget\" data-e-type=\"widget\" data-widget_type=\"spacer.default\">\n\t\t\t\t<div class=\"elementor-widget-container\">\n\t\t\t\t\t\t\t<div class=\"elementor-spacer\">\n\t\t\t<div class=\"elementor-spacer-inner\"><\/div>\n\t\t<\/div>\n\t\t\t\t\t\t<\/div>\n\t\t\t\t<\/div>\n\t\t\t\t\t<\/div>\n\t\t\t\t<\/div>\n\t\t<div class=\"elementor-element elementor-element-cc791b4 e-flex e-con-boxed e-con e-parent\" data-id=\"cc791b4\" data-element_type=\"container\" data-e-type=\"container\">\n\t\t\t\t\t<div class=\"e-con-inner\">\n\t\t\t\t<div class=\"elementor-element elementor-element-0126362 elementor-widget-divider--view-line elementor-widget elementor-widget-divider\" data-id=\"0126362\" data-element_type=\"widget\" data-e-type=\"widget\" data-widget_type=\"divider.default\">\n\t\t\t\t<div class=\"elementor-widget-container\">\n\t\t\t\t\t\t\t<div class=\"elementor-divider\">\n\t\t\t<span class=\"elementor-divider-separator\">\n\t\t\t\t\t\t<\/span>\n\t\t<\/div>\n\t\t\t\t\t\t<\/div>\n\t\t\t\t<\/div>\n\t\t\t\t\t<\/div>\n\t\t\t\t<\/div>\n\t\t<div class=\"elementor-element elementor-element-7fb3699 e-flex e-con-boxed e-con e-parent\" data-id=\"7fb3699\" data-element_type=\"container\" data-e-type=\"container\">\n\t\t\t\t\t<div class=\"e-con-inner\">\n\t\t\t\t<div class=\"elementor-element elementor-element-96c80f4 elementor-widget elementor-widget-heading\" data-id=\"96c80f4\" data-element_type=\"widget\" data-e-type=\"widget\" data-widget_type=\"heading.default\">\n\t\t\t\t<div class=\"elementor-widget-container\">\n\t\t\t\t\t<h2 class=\"elementor-heading-title elementor-size-default\">Ateliers d\u00e9couverte de l\u2019hypnose<\/h2>\t\t\t\t<\/div>\n\t\t\t\t<\/div>\n\t\t\t\t\t<\/div>\n\t\t\t\t<\/div>\n\t\t<div class=\"elementor-element elementor-element-d660587 e-flex e-con-boxed e-con e-parent\" data-id=\"d660587\" data-element_type=\"container\" data-e-type=\"container\">\n\t\t\t\t\t<div class=\"e-con-inner\">\n\t\t\t\t<div class=\"elementor-element elementor-element-b7a1f8c elementor-widget-divider--view-line elementor-widget elementor-widget-divider\" data-id=\"b7a1f8c\" data-element_type=\"widget\" data-e-type=\"widget\" data-widget_type=\"divider.default\">\n\t\t\t\t<div class=\"elementor-widget-container\">\n\t\t\t\t\t\t\t<div class=\"elementor-divider\">\n\t\t\t<span class=\"elementor-divider-separator\">\n\t\t\t\t\t\t<\/span>\n\t\t<\/div>\n\t\t\t\t\t\t<\/div>\n\t\t\t\t<\/div>\n\t\t\t\t\t<\/div>\n\t\t\t\t<\/div>\n\t\t<div class=\"elementor-element elementor-element-34e0805 e-flex e-con-boxed e-con e-parent\" data-id=\"34e0805\" data-element_type=\"container\" data-e-type=\"container\">\n\t\t\t\t\t<div class=\"e-con-inner\">\n\t\t\t\t<div class=\"elementor-element elementor-element-ed1e974 elementor-widget elementor-widget-spacer\" data-id=\"ed1e974\" data-element_type=\"widget\" data-e-type=\"widget\" data-widget_type=\"spacer.default\">\n\t\t\t\t<div class=\"elementor-widget-container\">\n\t\t\t\t\t\t\t<div class=\"elementor-spacer\">\n\t\t\t<div class=\"elementor-spacer-inner\"><\/div>\n\t\t<\/div>\n\t\t\t\t\t\t<\/div>\n\t\t\t\t<\/div>\n\t\t\t\t\t<\/div>\n\t\t\t\t<\/div>\n\t\t<div class=\"elementor-element elementor-element-828c43d e-flex e-con-boxed e-con e-parent\" data-id=\"828c43d\" data-element_type=\"container\" data-e-type=\"container\">\n\t\t\t\t\t<div class=\"e-con-inner\">\n\t\t\t\t<div class=\"elementor-element elementor-element-cb2bc93 elementor-widget elementor-widget-image\" data-id=\"cb2bc93\" data-element_type=\"widget\" data-e-type=\"widget\" data-widget_type=\"image.default\">\n\t\t\t\t<div class=\"elementor-widget-container\">\n\t\t\t\t\t\t\t\t\t\t\t\t\t\t\t<img fetchpriority=\"high\" decoding=\"async\" width=\"300\" height=\"300\" src=\"https:\/\/intention-positive.fr\/wp-content\/uploads\/2025\/05\/CARRE-cactus.jpg\" class=\"attachment-large size-large wp-image-211\" alt=\"\" srcset=\"https:\/\/intention-positive.fr\/wp-content\/uploads\/2025\/05\/CARRE-cactus.jpg 300w, https:\/\/intention-positive.fr\/wp-content\/uploads\/2025\/05\/CARRE-cactus-150x150.jpg 150w\" sizes=\"(max-width: 300px) 100vw, 300px\" \/>\t\t\t\t\t\t\t\t\t\t\t\t\t\t\t<\/div>\n\t\t\t\t<\/div>\n\t\t\t\t\t<\/div>\n\t\t\t\t<\/div>\n\t\t<div class=\"elementor-element elementor-element-f477089 e-flex e-con-boxed e-con e-parent\" data-id=\"f477089\" data-element_type=\"container\" data-e-type=\"container\">\n\t\t\t\t\t<div class=\"e-con-inner\">\n\t\t\t\t<div class=\"elementor-element elementor-element-2bb262a elementor-widget elementor-widget-text-editor\" data-id=\"2bb262a\" data-element_type=\"widget\" data-e-type=\"widget\" data-widget_type=\"text-editor.default\">\n\t\t\t\t<div class=\"elementor-widget-container\">\n\t\t\t\t\t\t\t\t\t<p data-start=\"579\" data-end=\"708\">Les ateliers proposent une premi\u00e8re rencontre avec l\u2019hypnose ericksonienne, dans un cadre collectif, s\u00e9curisant et respectueux.<\/p>\n<p data-start=\"715\" data-end=\"882\">Ils s\u2019adressent aux personnes qui souhaitent d\u00e9couvrir cette approche, mieux comprendre leur fonctionnement interne ou exp\u00e9rimenter un temps de pause et de recentrage.<\/p>\t\t\t\t\t\t\t\t<\/div>\n\t\t\t\t<\/div>\n\t\t\t\t\t<\/div>\n\t\t\t\t<\/div>\n\t\t<div class=\"elementor-element elementor-element-e5b4ee0 e-flex e-con-boxed e-con e-parent\" data-id=\"e5b4ee0\" data-element_type=\"container\" data-e-type=\"container\">\n\t\t\t\t\t<div class=\"e-con-inner\">\n\t\t<div class=\"elementor-element elementor-element-0eeac9d e-con-full e-flex e-con e-child\" data-id=\"0eeac9d\" data-element_type=\"container\" data-e-type=\"container\">\n\t\t\t\t<div class=\"elementor-element elementor-element-d463c07 elementor-widget elementor-widget-image\" data-id=\"d463c07\" data-element_type=\"widget\" data-e-type=\"widget\" data-widget_type=\"image.default\">\n\t\t\t\t<div class=\"elementor-widget-container\">\n\t\t\t\t\t\t\t\t\t\t\t\t\t\t\t<img decoding=\"async\" width=\"750\" height=\"375\" src=\"https:\/\/intention-positive.fr\/wp-content\/uploads\/2025\/12\/banniere-a-quoi-servent-les-ateliers-768x384.png\" class=\"attachment-medium_large size-medium_large wp-image-1344\" alt=\"\" srcset=\"https:\/\/intention-positive.fr\/wp-content\/uploads\/2025\/12\/banniere-a-quoi-servent-les-ateliers-768x384.png 768w, https:\/\/intention-positive.fr\/wp-content\/uploads\/2025\/12\/banniere-a-quoi-servent-les-ateliers-300x150.png 300w, https:\/\/intention-positive.fr\/wp-content\/uploads\/2025\/12\/banniere-a-quoi-servent-les-ateliers-1024x512.png 1024w, https:\/\/intention-positive.fr\/wp-content\/uploads\/2025\/12\/banniere-a-quoi-servent-les-ateliers-1536x768.png 1536w, https:\/\/intention-positive.fr\/wp-content\/uploads\/2025\/12\/banniere-a-quoi-servent-les-ateliers-2048x1024.png 2048w\" sizes=\"(max-width: 750px) 100vw, 750px\" \/>\t\t\t\t\t\t\t\t\t\t\t\t\t\t\t<\/div>\n\t\t\t\t<\/div>\n\t\t\t\t<\/div>\n\t\t<div class=\"elementor-element elementor-element-66b5277 e-con-full e-flex e-con e-child\" data-id=\"66b5277\" data-element_type=\"container\" data-e-type=\"container\">\n\t\t\t\t<div class=\"elementor-element elementor-element-b778560 elementor-widget elementor-widget-text-editor\" data-id=\"b778560\" data-element_type=\"widget\" data-e-type=\"widget\" data-widget_type=\"text-editor.default\">\n\t\t\t\t<div class=\"elementor-widget-container\">\n\t\t\t\t\t\t\t\t\t<p data-start=\"962\" data-end=\"992\">Les ateliers permettent de :<\/p>\n<p data-start=\"999\" data-end=\"1272\">* d\u00e9couvrir l\u2019hypnose sans enjeu th\u00e9rapeutique individuel<br data-start=\"1056\" data-end=\"1059\" \/>* vivre une premi\u00e8re exp\u00e9rience corporelle et mentale<br data-start=\"1114\" data-end=\"1117\" \/>*\u00a0 mieux comprendre certains m\u00e9canismes li\u00e9s au stress, \u00e0 l\u2019anxi\u00e9t\u00e9 ou aux p\u00e9riodes de transition<br data-start=\"1215\" data-end=\"1218\" \/>* prendre un temps pour soi, dans un cadre collectif<\/p>\t\t\t\t\t\t\t\t<\/div>\n\t\t\t\t<\/div>\n\t\t\t\t<\/div>\n\t\t\t\t\t<\/div>\n\t\t\t\t<\/div>\n\t\t<div class=\"elementor-element elementor-element-0cbc032 e-flex e-con-boxed e-con e-parent\" data-id=\"0cbc032\" data-element_type=\"container\" data-e-type=\"container\">\n\t\t\t\t\t<div class=\"e-con-inner\">\n\t\t<div class=\"elementor-element elementor-element-56bdc3d e-con-full e-flex e-con e-child\" data-id=\"56bdc3d\" data-element_type=\"container\" data-e-type=\"container\">\n\t\t\t\t<div class=\"elementor-element elementor-element-c448f73 elementor-widget elementor-widget-image\" data-id=\"c448f73\" data-element_type=\"widget\" data-e-type=\"widget\" data-widget_type=\"image.default\">\n\t\t\t\t<div class=\"elementor-widget-container\">\n\t\t\t\t\t\t\t\t\t\t\t\t\t\t\t<img decoding=\"async\" width=\"750\" height=\"375\" src=\"https:\/\/intention-positive.fr\/wp-content\/uploads\/2025\/12\/banniere-ce-que-les-ateliers-ne-sont-pas-768x384.png\" class=\"attachment-medium_large size-medium_large wp-image-1348\" alt=\"\" srcset=\"https:\/\/intention-positive.fr\/wp-content\/uploads\/2025\/12\/banniere-ce-que-les-ateliers-ne-sont-pas-768x384.png 768w, https:\/\/intention-positive.fr\/wp-content\/uploads\/2025\/12\/banniere-ce-que-les-ateliers-ne-sont-pas-300x150.png 300w, https:\/\/intention-positive.fr\/wp-content\/uploads\/2025\/12\/banniere-ce-que-les-ateliers-ne-sont-pas-1024x512.png 1024w, https:\/\/intention-positive.fr\/wp-content\/uploads\/2025\/12\/banniere-ce-que-les-ateliers-ne-sont-pas-1536x768.png 1536w, https:\/\/intention-positive.fr\/wp-content\/uploads\/2025\/12\/banniere-ce-que-les-ateliers-ne-sont-pas-2048x1024.png 2048w\" sizes=\"(max-width: 750px) 100vw, 750px\" \/>\t\t\t\t\t\t\t\t\t\t\t\t\t\t\t<\/div>\n\t\t\t\t<\/div>\n\t\t\t\t<\/div>\n\t\t<div class=\"elementor-element elementor-element-6fc80df e-con-full e-flex e-con e-child\" data-id=\"6fc80df\" data-element_type=\"container\" data-e-type=\"container\">\n\t\t\t\t<div class=\"elementor-element elementor-element-15df837 elementor-widget elementor-widget-text-editor\" data-id=\"15df837\" data-element_type=\"widget\" data-e-type=\"widget\" data-widget_type=\"text-editor.default\">\n\t\t\t\t<div class=\"elementor-widget-container\">\n\t\t\t\t\t\t\t\t\t<p data-start=\"1434\" data-end=\"1496\">Les ateliers ne remplacent pas un accompagnement individuel.<\/p>\n<p data-start=\"1503\" data-end=\"1639\">Ils ne permettent pas de travailler une probl\u00e9matique personnelle en profondeur et ne constituent pas une prise en charge th\u00e9rapeutique.<\/p>\t\t\t\t\t\t\t\t<\/div>\n\t\t\t\t<\/div>\n\t\t\t\t<\/div>\n\t\t\t\t\t<\/div>\n\t\t\t\t<\/div>\n\t\t<div class=\"elementor-element elementor-element-3a6ac64 e-flex e-con-boxed e-con e-parent\" data-id=\"3a6ac64\" data-element_type=\"container\" data-e-type=\"container\">\n\t\t\t\t\t<div class=\"e-con-inner\">\n\t\t<div class=\"elementor-element elementor-element-7e8be5b e-con-full e-flex e-con e-child\" data-id=\"7e8be5b\" data-element_type=\"container\" data-e-type=\"container\">\n\t\t\t\t<div class=\"elementor-element elementor-element-5f984e3 elementor-widget elementor-widget-image\" data-id=\"5f984e3\" data-element_type=\"widget\" data-e-type=\"widget\" data-widget_type=\"image.default\">\n\t\t\t\t<div class=\"elementor-widget-container\">\n\t\t\t\t\t\t\t\t\t\t\t\t\t\t\t<img loading=\"lazy\" decoding=\"async\" width=\"750\" height=\"375\" src=\"https:\/\/intention-positive.fr\/wp-content\/uploads\/2025\/12\/banniere-et-apres-l-atelier-768x384.png\" class=\"attachment-medium_large size-medium_large wp-image-1353\" alt=\"\" srcset=\"https:\/\/intention-positive.fr\/wp-content\/uploads\/2025\/12\/banniere-et-apres-l-atelier-768x384.png 768w, https:\/\/intention-positive.fr\/wp-content\/uploads\/2025\/12\/banniere-et-apres-l-atelier-300x150.png 300w, https:\/\/intention-positive.fr\/wp-content\/uploads\/2025\/12\/banniere-et-apres-l-atelier-1024x512.png 1024w, https:\/\/intention-positive.fr\/wp-content\/uploads\/2025\/12\/banniere-et-apres-l-atelier-1536x768.png 1536w, https:\/\/intention-positive.fr\/wp-content\/uploads\/2025\/12\/banniere-et-apres-l-atelier-2048x1024.png 2048w\" sizes=\"(max-width: 750px) 100vw, 750px\" \/>\t\t\t\t\t\t\t\t\t\t\t\t\t\t\t<\/div>\n\t\t\t\t<\/div>\n\t\t\t\t<\/div>\n\t\t<div class=\"elementor-element elementor-element-b3f3ef2 e-con-full e-flex e-con e-child\" data-id=\"b3f3ef2\" data-element_type=\"container\" data-e-type=\"container\">\n\t\t\t\t<div class=\"elementor-element elementor-element-16dcb3f elementor-widget elementor-widget-text-editor\" data-id=\"16dcb3f\" data-element_type=\"widget\" data-e-type=\"widget\" data-widget_type=\"text-editor.default\">\n\t\t\t\t<div class=\"elementor-widget-container\">\n\t\t\t\t\t\t\t\t\t<p data-start=\"1740\" data-end=\"1813\">Pour certaines personnes, l\u2019exp\u00e9rience v\u00e9cue en atelier est suffisante.<\/p>\n<p data-start=\"1820\" data-end=\"1906\">Pour d\u2019autres, elle peut faire \u00e9merger le besoin d\u2019un accompagnement plus personnel.<\/p>\n<p data-start=\"1913\" data-end=\"1992\">Le cabinet propose alors un cadre individuel, qui peut \u00eatre envisag\u00e9 librement.<\/p>\t\t\t\t\t\t\t\t<\/div>\n\t\t\t\t<\/div>\n\t\t\t\t<\/div>\n\t\t\t\t\t<\/div>\n\t\t\t\t<\/div>\n\t\t<div class=\"elementor-element elementor-element-1de7ff6 e-flex e-con-boxed e-con e-parent\" data-id=\"1de7ff6\" data-element_type=\"container\" data-e-type=\"container\">\n\t\t\t\t\t<div class=\"e-con-inner\">\n\t\t<div class=\"elementor-element elementor-element-f8e1f01 e-con-full e-flex e-con e-child\" data-id=\"f8e1f01\" data-element_type=\"container\" data-e-type=\"container\">\n\t\t\t\t<div class=\"elementor-element elementor-element-2273078 elementor-widget elementor-widget-image\" data-id=\"2273078\" data-element_type=\"widget\" data-e-type=\"widget\" data-widget_type=\"image.default\">\n\t\t\t\t<div class=\"elementor-widget-container\">\n\t\t\t\t\t\t\t\t\t\t\t\t\t\t\t<img loading=\"lazy\" decoding=\"async\" width=\"750\" height=\"375\" src=\"https:\/\/intention-positive.fr\/wp-content\/uploads\/2025\/12\/banniere-2organisation-pratique-768x384.png\" class=\"attachment-medium_large size-medium_large wp-image-1355\" alt=\"\" srcset=\"https:\/\/intention-positive.fr\/wp-content\/uploads\/2025\/12\/banniere-2organisation-pratique-768x384.png 768w, https:\/\/intention-positive.fr\/wp-content\/uploads\/2025\/12\/banniere-2organisation-pratique-300x150.png 300w, https:\/\/intention-positive.fr\/wp-content\/uploads\/2025\/12\/banniere-2organisation-pratique-1024x512.png 1024w, https:\/\/intention-positive.fr\/wp-content\/uploads\/2025\/12\/banniere-2organisation-pratique-1536x768.png 1536w, https:\/\/intention-positive.fr\/wp-content\/uploads\/2025\/12\/banniere-2organisation-pratique-2048x1024.png 2048w\" sizes=\"(max-width: 750px) 100vw, 750px\" \/>\t\t\t\t\t\t\t\t\t\t\t\t\t\t\t<\/div>\n\t\t\t\t<\/div>\n\t\t\t\t<\/div>\n\t\t<div class=\"elementor-element elementor-element-9cf5548 e-con-full e-flex e-con e-child\" data-id=\"9cf5548\" data-element_type=\"container\" data-e-type=\"container\">\n\t\t\t\t<div class=\"elementor-element elementor-element-0c924b6 elementor-widget elementor-widget-text-editor\" data-id=\"0c924b6\" data-element_type=\"widget\" data-e-type=\"widget\" data-widget_type=\"text-editor.default\">\n\t\t\t\t<div class=\"elementor-widget-container\">\n\t\t\t\t\t\t\t\t\t<p data-start=\"2099\" data-end=\"2182\">Les ateliers sont propos\u00e9s sous forme de cycles, \u00e0 certaines p\u00e9riodes de l\u2019ann\u00e9e.<\/p>\n<p data-start=\"2189\" data-end=\"2274\">Les dates, th\u00e8mes et modalit\u00e9s d\u2019inscription sont pr\u00e9cis\u00e9s au moment de chaque cycle.<\/p>\t\t\t\t\t\t\t\t<\/div>\n\t\t\t\t<\/div>\n\t\t\t\t<\/div>\n\t\t\t\t\t<\/div>\n\t\t\t\t<\/div>\n\t\t<div class=\"elementor-element elementor-element-575fb03 e-flex e-con-boxed e-con e-parent\" data-id=\"575fb03\" data-element_type=\"container\" data-e-type=\"container\">\n\t\t\t\t\t<div class=\"e-con-inner\">\n\t\t\t\t<div class=\"elementor-element elementor-element-faadf48 elementor-widget elementor-widget-spacer\" data-id=\"faadf48\" data-element_type=\"widget\" data-e-type=\"widget\" data-widget_type=\"spacer.default\">\n\t\t\t\t<div class=\"elementor-widget-container\">\n\t\t\t\t\t\t\t<div class=\"elementor-spacer\">\n\t\t\t<div class=\"elementor-spacer-inner\"><\/div>\n\t\t<\/div>\n\t\t\t\t\t\t<\/div>\n\t\t\t\t<\/div>\n\t\t\t\t\t<\/div>\n\t\t\t\t<\/div>\n\t\t<div class=\"elementor-element elementor-element-0846ef5 e-flex e-con-boxed e-con e-parent\" data-id=\"0846ef5\" data-element_type=\"container\" data-e-type=\"container\">\n\t\t\t\t\t<div class=\"e-con-inner\">\n\t\t\t\t<div class=\"elementor-element elementor-element-f586c6b elementor-mobile-align-justify elementor-widget-mobile__width-initial e-transform elementor-align-center elementor-widget elementor-widget-button\" data-id=\"f586c6b\" data-element_type=\"widget\" data-e-type=\"widget\" data-settings=\"{&quot;_transform_scaleX_effect_hover&quot;:{&quot;unit&quot;:&quot;px&quot;,&quot;size&quot;:1.05,&quot;sizes&quot;:[]},&quot;_transform_scaleY_effect_hover&quot;:{&quot;unit&quot;:&quot;px&quot;,&quot;size&quot;:1.05,&quot;sizes&quot;:[]},&quot;_transform_scaleX_effect_hover_tablet&quot;:{&quot;unit&quot;:&quot;px&quot;,&quot;size&quot;:&quot;&quot;,&quot;sizes&quot;:[]},&quot;_transform_scaleX_effect_hover_mobile&quot;:{&quot;unit&quot;:&quot;px&quot;,&quot;size&quot;:&quot;&quot;,&quot;sizes&quot;:[]},&quot;_transform_scaleY_effect_hover_tablet&quot;:{&quot;unit&quot;:&quot;px&quot;,&quot;size&quot;:&quot;&quot;,&quot;sizes&quot;:[]},&quot;_transform_scaleY_effect_hover_mobile&quot;:{&quot;unit&quot;:&quot;px&quot;,&quot;size&quot;:&quot;&quot;,&quot;sizes&quot;:[]}}\" data-widget_type=\"button.default\">\n\t\t\t\t<div class=\"elementor-widget-container\">\n\t\t\t\t\t\t\t\t\t<div class=\"elementor-button-wrapper\">\n\t\t\t\t\t<a class=\"elementor-button elementor-button-link elementor-size-sm\" href=\"https:\/\/perfactive.fr\/hypnose-ericksonienne\/sartilly-baie-bocage\/berengere-guidet\" target=\"_blank\" rel=\"noopener\">\n\t\t\t\t\t\t<span class=\"elementor-button-content-wrapper\">\n\t\t\t\t\t\t\t\t\t<span class=\"elementor-button-text\">Prendre RDV en ligne<\/span>\n\t\t\t\t\t<\/span>\n\t\t\t\t\t<\/a>\n\t\t\t\t<\/div>\n\t\t\t\t\t\t\t\t<\/div>\n\t\t\t\t<\/div>\n\t\t\t\t\t<\/div>\n\t\t\t\t<\/div>\n\t\t<div class=\"elementor-element elementor-element-64e9886 e-flex e-con-boxed e-con e-parent\" data-id=\"64e9886\" data-element_type=\"container\" data-e-type=\"container\">\n\t\t\t\t\t<div class=\"e-con-inner\">\n\t\t\t\t<div class=\"elementor-element elementor-element-53995a1 elementor-widget elementor-widget-spacer\" data-id=\"53995a1\" data-element_type=\"widget\" data-e-type=\"widget\" data-widget_type=\"spacer.default\">\n\t\t\t\t<div class=\"elementor-widget-container\">\n\t\t\t\t\t\t\t<div class=\"elementor-spacer\">\n\t\t\t<div class=\"elementor-spacer-inner\"><\/div>\n\t\t<\/div>\n\t\t\t\t\t\t<\/div>\n\t\t\t\t<\/div>\n\t\t\t\t\t<\/div>\n\t\t\t\t<\/div>\n\t\t<div class=\"elementor-element elementor-element-d380a16 e-flex e-con-boxed e-con e-parent\" data-id=\"d380a16\" data-element_type=\"container\" data-e-type=\"container\">\n\t\t\t\t\t<div class=\"e-con-inner\">\n\t\t\t\t<div class=\"elementor-element elementor-element-8cdd160 elementor-widget elementor-widget-heading\" data-id=\"8cdd160\" data-element_type=\"widget\" data-e-type=\"widget\" data-widget_type=\"heading.default\">\n\t\t\t\t<div class=\"elementor-widget-container\">\n\t\t\t\t\t<h2 class=\"elementor-heading-title elementor-size-default\">Le cabinet<\/h2>\t\t\t\t<\/div>\n\t\t\t\t<\/div>\n\t\t\t\t\t<\/div>\n\t\t\t\t<\/div>\n\t\t<div class=\"elementor-element elementor-element-1607f0c e-flex e-con-boxed e-con e-parent\" data-id=\"1607f0c\" data-element_type=\"container\" data-e-type=\"container\">\n\t\t\t\t\t<div class=\"e-con-inner\">\n\t\t<div class=\"elementor-element elementor-element-70efdd7 e-con-full e-flex e-con e-child\" data-id=\"70efdd7\" data-element_type=\"container\" data-e-type=\"container\">\n\t\t\t\t<div class=\"elementor-element elementor-element-37aa01b elementor-view-default elementor-position-block-start elementor-mobile-position-block-start elementor-widget elementor-widget-icon-box\" data-id=\"37aa01b\" data-element_type=\"widget\" data-e-type=\"widget\" data-widget_type=\"icon-box.default\">\n\t\t\t\t<div class=\"elementor-widget-container\">\n\t\t\t\t\t\t\t<div class=\"elementor-icon-box-wrapper\">\n\n\t\t\t\t\t\t<div class=\"elementor-icon-box-icon\">\n\t\t\t\t<span  class=\"elementor-icon\">\n\t\t\t\t<svg aria-hidden=\"true\" class=\"e-font-icon-svg e-fas-map-pin\" viewBox=\"0 0 288 512\" xmlns=\"http:\/\/www.w3.org\/2000\/svg\"><path d=\"M112 316.94v156.69l22.02 33.02c4.75 7.12 15.22 7.12 19.97 0L176 473.63V316.94c-10.39 1.92-21.06 3.06-32 3.06s-21.61-1.14-32-3.06zM144 0C64.47 0 0 64.47 0 144s64.47 144 144 144 144-64.47 144-144S223.53 0 144 0zm0 76c-37.5 0-68 30.5-68 68 0 6.62-5.38 12-12 12s-12-5.38-12-12c0-50.73 41.28-92 92-92 6.62 0 12 5.38 12 12s-5.38 12-12 12z\"><\/path><\/svg>\t\t\t\t<\/span>\n\t\t\t<\/div>\n\t\t\t\n\t\t\t\t\t\t<div class=\"elementor-icon-box-content\">\n\n\t\t\t\t\t\t\t\t\t<h4 class=\"elementor-icon-box-title\">\n\t\t\t\t\t\t<span  >\n\t\t\t\t\t\t\t31 Grande Rue\t\t\t\t\t\t<\/span>\n\t\t\t\t\t<\/h4>\n\t\t\t\t\n\t\t\t\t\t\t\t\t\t<p class=\"elementor-icon-box-description\">\n\t\t\t\t\t\t\n50530 Sartilly Baie Bocage\t\t\t\t\t<\/p>\n\t\t\t\t\n\t\t\t<\/div>\n\t\t\t\n\t\t<\/div>\n\t\t\t\t\t\t<\/div>\n\t\t\t\t<\/div>\n\t\t\t\t<\/div>\n\t\t<div class=\"elementor-element elementor-element-ad51ab9 e-con-full e-flex e-con e-child\" data-id=\"ad51ab9\" data-element_type=\"container\" data-e-type=\"container\">\n\t\t\t\t<div class=\"elementor-element elementor-element-04ce9b6 elementor-widget elementor-widget-google_maps\" data-id=\"04ce9b6\" data-element_type=\"widget\" data-e-type=\"widget\" data-widget_type=\"google_maps.default\">\n\t\t\t\t<div class=\"elementor-widget-container\">\n\t\t\t\t\t\t\t<div class=\"elementor-custom-embed\">\n\t\t\t<iframe loading=\"lazy\"\n\t\t\t\t\tsrc=\"https:\/\/maps.google.com\/maps?q=31%20Grande%20Rue%2C%2050530%20Sartilly-Baie-Bocage&#038;t=m&#038;z=14&#038;output=embed&#038;iwloc=near\"\n\t\t\t\t\ttitle=\"31 Grande Rue, 50530 Sartilly-Baie-Bocage\"\n\t\t\t\t\taria-label=\"31 Grande Rue, 50530 Sartilly-Baie-Bocage\"\n\t\t\t><\/iframe>\n\t\t<\/div>\n\t\t\t\t\t\t<\/div>\n\t\t\t\t<\/div>\n\t\t\t\t<\/div>\n\t\t\t\t\t<\/div>\n\t\t\t\t<\/div>\n\t\t<div class=\"elementor-element elementor-element-f7791af e-flex e-con-boxed e-con e-parent\" data-id=\"f7791af\" data-element_type=\"container\" data-e-type=\"container\">\n\t\t\t\t\t<div class=\"e-con-inner\">\n\t\t\t\t<div class=\"elementor-element elementor-element-7e4c4e8 elementor-widget elementor-widget-spacer\" data-id=\"7e4c4e8\" data-element_type=\"widget\" data-e-type=\"widget\" data-widget_type=\"spacer.default\">\n\t\t\t\t<div class=\"elementor-widget-container\">\n\t\t\t\t\t\t\t<div class=\"elementor-spacer\">\n\t\t\t<div class=\"elementor-spacer-inner\"><\/div>\n\t\t<\/div>\n\t\t\t\t\t\t<\/div>\n\t\t\t\t<\/div>\n\t\t\t\t\t<\/div>\n\t\t\t\t<\/div>\n\t\t\t\t<\/div>\n\t\t","protected":false},"excerpt":{"rendered":"<p>Ateliers d\u00e9couverte de l\u2019hypnose Les ateliers proposent une premi\u00e8re rencontre avec l\u2019hypnose ericksonienne, dans un cadre collectif, s\u00e9curisant et respectueux. Ils s\u2019adressent aux personnes qui souhaitent d\u00e9couvrir cette approche, mieux comprendre leur fonctionnement interne ou exp\u00e9rimenter un temps de pause et de recentrage. Les ateliers permettent de : * d\u00e9couvrir [&hellip;]<\/p>\n","protected":false},"author":1,"featured_media":0,"parent":0,"menu_order":1,"comment_status":"closed","ping_status":"closed","template":"elementor_header_footer","meta":{"_themeisle_gutenberg_block_has_review":false,"footnotes":""},"class_list":["post-1280","page","type-page","status-publish","hentry"],"_links":{"self":[{"href":"https:\/\/intention-positive.fr\/index.php\/wp-json\/wp\/v2\/pages\/1280","targetHints":{"allow":["GET"]}}],"collection":[{"href":"https:\/\/intention-positive.fr\/index.php\/wp-json\/wp\/v2\/pages"}],"about":[{"href":"https:\/\/intention-positive.fr\/index.php\/wp-json\/wp\/v2\/types\/page"}],"author":[{"embeddable":true,"href":"https:\/\/intention-positive.fr\/index.php\/wp-json\/wp\/v2\/users\/1"}],"replies":[{"embeddable":true,"href":"https:\/\/intention-positive.fr\/index.php\/wp-json\/wp\/v2\/comments?post=1280"}],"version-history":[{"count":40,"href":"https:\/\/intention-positive.fr\/index.php\/wp-json\/wp\/v2\/pages\/1280\/revisions"}],"predecessor-version":[{"id":1361,"href":"https:\/\/intention-positive.fr\/index.php\/wp-json\/wp\/v2\/pages\/1280\/revisions\/1361"}],"wp:attachment":[{"href":"https:\/\/intention-positive.fr\/index.php\/wp-json\/wp\/v2\/media?parent=1280"}],"curies":[{"name":"wp","href":"https:\/\/api.w.org\/{rel}","templated":true}]}}